{"id":1054,"date":"2015-06-12T20:07:15","date_gmt":"2015-06-12T20:07:15","guid":{"rendered":"http:\/\/radiobarriofranklin.cl\/?page_id=1054"},"modified":"2023-06-01T14:29:15","modified_gmt":"2023-06-01T14:29:15","slug":"quienes-somos","status":"publish","type":"page","link":"https:\/\/radiobarriofranklin.cl\/index.php\/quienes-somos\/","title":{"rendered":"Qui\u00e9nes somos"},"content":{"rendered":"<div id=\"lipsum\">\n<p><a href=\"https:\/\/radiobarriofranklin.cl\/wp-content\/uploads\/2015\/06\/DSC9599-2.jpg\"><img loading=\"lazy\" decoding=\"async\" class=\"alignnone wp-image-2689\" src=\"https:\/\/radiobarriofranklin.cl\/wp-content\/uploads\/2015\/06\/DSC9599-2.jpg\" alt=\"_DSC9599-2\" width=\"500\" height=\"334\" srcset=\"https:\/\/radiobarriofranklin.cl\/wp-content\/uploads\/2015\/06\/DSC9599-2.jpg 1499w, https:\/\/radiobarriofranklin.cl\/wp-content\/uploads\/2015\/06\/DSC9599-2-300x200.jpg 300w, https:\/\/radiobarriofranklin.cl\/wp-content\/uploads\/2015\/06\/DSC9599-2-1024x683.jpg 1024w, https:\/\/radiobarriofranklin.cl\/wp-content\/uploads\/2015\/06\/DSC9599-2-150x100.jpg 150w, https:\/\/radiobarriofranklin.cl\/wp-content\/uploads\/2015\/06\/DSC9599-2-434x289.jpg 434w, https:\/\/radiobarriofranklin.cl\/wp-content\/uploads\/2015\/06\/DSC9599-2-80x53.jpg 80w, https:\/\/radiobarriofranklin.cl\/wp-content\/uploads\/2015\/06\/DSC9599-2-235x157.jpg 235w\" sizes=\"auto, (max-width: 500px) 100vw, 500px\" \/><\/a><\/p>\n<p><strong>Somos una radio inspirada en los principios de la comunicaci\u00f3n comunitaria, la autonom\u00eda, el pluralismo y la libertad de expresi\u00f3n. Nuestro medio surge en agosto del a\u00f1o 2015 como parte del\u00a0 programa RADIO ESCUELA, de la Subdirecci\u00f3n de Cultura de la Municipalidad de Santiago, el que convoc\u00f3 a vecinos, vecinas y organizaciones barriales a participar de un proceso de formaci\u00f3n y capacitaci\u00f3n comunitaria, participaci\u00f3n y nuevas tecnolog\u00edas.<\/strong><\/p>\n<p><strong>RADIO FRANKLIN es gestionada por vecinos y vecinas, quienes desarrollaron su propuesta editorial y elaboran los contenidos de su programaci\u00f3n. En pocas palabras, nos definimos como un espacio abierto que busca fortalecer el di\u00e1logo democr\u00e1tico, las identidades locales y el patrimonio del barrio. La Municipalidad de Santiago cogestiona la iniciativa a trav\u00e9s del apoyo de una profesional especializada en comunicaci\u00f3n comunitaria y subvencionando el equipamiento y servicios.<\/strong><\/p>\n<p><strong>Como parte de su planificaci\u00f3n para el a\u00f1os 2019 nos encontramos levantando financiamiento y activando redes que nos permitan mejorar nuestros contenidos y de esa manera el impacto que la radio tiene en nuestro territorio.<\/strong><\/p>\n<p><strong>EQUIPO RADIO FRANKLIN<\/strong><\/p>\n<p><strong>Director: Vicentro Escudero O.<\/strong><\/p>\n<p><strong>Responsable Programa Radio Escuela: Mar\u00eda P\u00eda Matta C.<\/strong><\/p>\n<p><strong>Conductores y productores: Vicente Escudero, Hiam Az\u00f3car, Gloria Arce, Betty Velasco, Pablo V\u00e1squez, Rodrigo Godoy, Lorena Arias, Loreto Gonz\u00e1lez, Luz Mar\u00eda Salazar, Manuel Tobar, \u00darsula Valdivieso, Douglas Mella, Claudio Narvaez, Nicanor Molinare, Ricardo Bravo y Cristi\u00e1n Tagle.<\/strong><\/p>\n<p><strong>RADIOS BARRIALES PROGRAMA RADIO ESCUELA:<\/strong><\/p>\n<p><strong>Radio Barrio Rep\u00fablica:\u00a0<a href=\"https:\/\/www.radiobarriorepublica.cl\/\" target=\"_blank\" rel=\"noopener\">www.radiobarriorepublica.cl<\/a><\/strong><\/p>\n<p><strong>Radio Barrio Santa Isabel:\u00a0<a href=\"https:\/\/www.instagram.com\/radiosantaisabelcl\/?igshid=1rdve6zsbblb8\" target=\"_blank\" rel=\"noopener\">www.instagram.com\/radiosantaisabelcl<\/a><\/strong><\/p>\n<\/div>\n","protected":false},"excerpt":{"rendered":"<p>Somos una radio inspirada en los principios de la comunicaci\u00f3n comunitaria, la autonom\u00eda, el pluralismo y la libertad de expresi\u00f3n. Nuestro medio surge en agosto del a\u00f1o 2015 como parte del\u00a0 programa RADIO ESCUELA, de la Subdirecci\u00f3n de Cultura de la Municipalidad de Santiago, el que convoc\u00f3 a vecinos, vecinas y organizaciones barriales a participar [&hellip;]<\/p>\n","protected":false},"author":1,"featured_media":0,"parent":0,"menu_order":0,"comment_status":"closed","ping_status":"closed","template":"","meta":{"footnotes":""},"class_list":["post-1054","page","type-page","status-publish","hentry"],"_links":{"self":[{"href":"https:\/\/radiobarriofranklin.cl\/index.php\/wp-json\/wp\/v2\/pages\/1054","targetHints":{"allow":["GET"]}}],"collection":[{"href":"https:\/\/radiobarriofranklin.cl\/index.php\/wp-json\/wp\/v2\/pages"}],"about":[{"href":"https:\/\/radiobarriofranklin.cl\/index.php\/wp-json\/wp\/v2\/types\/page"}],"author":[{"embeddable":true,"href":"https:\/\/radiobarriofranklin.cl\/index.php\/wp-json\/wp\/v2\/users\/1"}],"replies":[{"embeddable":true,"href":"https:\/\/radiobarriofranklin.cl\/index.php\/wp-json\/wp\/v2\/comments?post=1054"}],"version-history":[{"count":13,"href":"https:\/\/radiobarriofranklin.cl\/index.php\/wp-json\/wp\/v2\/pages\/1054\/revisions"}],"predecessor-version":[{"id":4211,"href":"https:\/\/radiobarriofranklin.cl\/index.php\/wp-json\/wp\/v2\/pages\/1054\/revisions\/4211"}],"wp:attachment":[{"href":"https:\/\/radiobarriofranklin.cl\/index.php\/wp-json\/wp\/v2\/media?parent=1054"}],"curies":[{"name":"wp","href":"https:\/\/api.w.org\/{rel}","templated":true}]}}