{"id":2851,"date":"2020-01-30T17:06:14","date_gmt":"2020-01-30T17:06:14","guid":{"rendered":"http:\/\/radiobarriofranklin.cl\/?page_id=2851"},"modified":"2023-05-16T19:09:22","modified_gmt":"2023-05-16T19:09:22","slug":"dale-play-a-tu-cancion","status":"publish","type":"page","link":"https:\/\/radiobarriofranklin.cl\/index.php\/dale-play-a-tu-cancion\/","title":{"rendered":"Dale Play a tu canci\u00f3n"},"content":{"rendered":"<h2><a href=\"https:\/\/radiobarriofranklin.cl\/wp-content\/uploads\/2020\/01\/96c58fd4-d225-400a-92e6-3858e68ded9e.jpg\"><img loading=\"lazy\" decoding=\"async\" class=\"alignnone  wp-image-2852\" src=\"https:\/\/radiobarriofranklin.cl\/wp-content\/uploads\/2020\/01\/96c58fd4-d225-400a-92e6-3858e68ded9e.jpg\" alt=\"96c58fd4-d225-400a-92e6-3858e68ded9e\" width=\"548\" height=\"365\" srcset=\"https:\/\/radiobarriofranklin.cl\/wp-content\/uploads\/2020\/01\/96c58fd4-d225-400a-92e6-3858e68ded9e-434x289.jpg 434w, https:\/\/radiobarriofranklin.cl\/wp-content\/uploads\/2020\/01\/96c58fd4-d225-400a-92e6-3858e68ded9e-80x54.jpg 80w\" sizes=\"auto, (max-width: 548px) 100vw, 548px\" \/><\/a><\/h2>\n<h2><strong>DALE PLAY A TU CANCI\u00d3N<\/strong><\/h2>\n<hr \/>\n<p><span style=\"color: #546284; font-family: 'Open Sans', sans-serif; font-size: 13px;\">Programa musical donde podr\u00e1 escuchar tus canciones preferidas. Puedes hacer tus pedidos musicales y enviar saludos v\u00eda WHATSAP AL +569 36305982.<\/span><\/p>\n<hr \/>\n<h5><strong>CONDUCE:<\/strong> Gloria Arce y Rodrigo Godoy<\/h5>\n<hr \/>\n<!--[if lt IE 9]><script>document.createElement('audio');<\/script><![endif]-->\n<audio class=\"wp-audio-shortcode\" id=\"audio-2851-1\" preload=\"none\" style=\"width: 100%;\" controls=\"controls\"><source type=\"audio\/mpeg\" src=\"https:\/\/radiobarriofranklin.cl\/wp-content\/uploads\/2020\/02\/DALE-PLAY-A-TU-CANCION-PROGRAMA-05.mp3?_=1\" \/><a href=\"https:\/\/radiobarriofranklin.cl\/wp-content\/uploads\/2020\/02\/DALE-PLAY-A-TU-CANCION-PROGRAMA-05.mp3\">https:\/\/radiobarriofranklin.cl\/wp-content\/uploads\/2020\/02\/DALE-PLAY-A-TU-CANCION-PROGRAMA-05.mp3<\/a><\/audio>\n<hr \/>\n<audio class=\"wp-audio-shortcode\" id=\"audio-2851-2\" preload=\"none\" style=\"width: 100%;\" controls=\"controls\"><source type=\"audio\/mpeg\" src=\"https:\/\/radiobarriofranklin.cl\/wp-content\/uploads\/2020\/01\/DALE-PLAY-A-TU-CANCION-PROGRAMA-01-editado-28-11-2019.mp3?_=2\" \/><a href=\"https:\/\/radiobarriofranklin.cl\/wp-content\/uploads\/2020\/01\/DALE-PLAY-A-TU-CANCION-PROGRAMA-01-editado-28-11-2019.mp3\">https:\/\/radiobarriofranklin.cl\/wp-content\/uploads\/2020\/01\/DALE-PLAY-A-TU-CANCION-PROGRAMA-01-editado-28-11-2019.mp3<\/a><\/audio>\n<hr \/>\n<audio class=\"wp-audio-shortcode\" id=\"audio-2851-3\" preload=\"none\" style=\"width: 100%;\" controls=\"controls\"><source type=\"audio\/mpeg\" src=\"https:\/\/radiobarriofranklin.cl\/wp-content\/uploads\/2020\/01\/DALE-PLAY-A-TU-CANCION-PROGRAMA-02.mp3?_=3\" \/><a href=\"https:\/\/radiobarriofranklin.cl\/wp-content\/uploads\/2020\/01\/DALE-PLAY-A-TU-CANCION-PROGRAMA-02.mp3\">https:\/\/radiobarriofranklin.cl\/wp-content\/uploads\/2020\/01\/DALE-PLAY-A-TU-CANCION-PROGRAMA-02.mp3<\/a><\/audio>\n<hr \/>\n<audio class=\"wp-audio-shortcode\" id=\"audio-2851-4\" preload=\"none\" style=\"width: 100%;\" controls=\"controls\"><source type=\"audio\/mpeg\" src=\"https:\/\/radiobarriofranklin.cl\/wp-content\/uploads\/2020\/01\/DALE-PLAY-A-TU-CANCION-PROGRAMA-03.mp3?_=4\" \/><a href=\"https:\/\/radiobarriofranklin.cl\/wp-content\/uploads\/2020\/01\/DALE-PLAY-A-TU-CANCION-PROGRAMA-03.mp3\">https:\/\/radiobarriofranklin.cl\/wp-content\/uploads\/2020\/01\/DALE-PLAY-A-TU-CANCION-PROGRAMA-03.mp3<\/a><\/audio>\n<hr \/>\n<audio class=\"wp-audio-shortcode\" id=\"audio-2851-5\" preload=\"none\" style=\"width: 100%;\" controls=\"controls\"><source type=\"audio\/mpeg\" src=\"https:\/\/radiobarriofranklin.cl\/wp-content\/uploads\/2020\/01\/DALE-PLAY-A-TU-CANCION-PROGRAMA-04.mp3?_=5\" \/><a href=\"https:\/\/radiobarriofranklin.cl\/wp-content\/uploads\/2020\/01\/DALE-PLAY-A-TU-CANCION-PROGRAMA-04.mp3\">https:\/\/radiobarriofranklin.cl\/wp-content\/uploads\/2020\/01\/DALE-PLAY-A-TU-CANCION-PROGRAMA-04.mp3<\/a><\/audio>\n","protected":false},"excerpt":{"rendered":"<p>DALE PLAY A TU CANCI\u00d3N Programa musical donde podr\u00e1 escuchar tus canciones preferidas. Puedes hacer tus pedidos musicales y enviar saludos v\u00eda WHATSAP AL +569 36305982. CONDUCE: Gloria Arce y Rodrigo Godoy<\/p>\n","protected":false},"author":1,"featured_media":0,"parent":0,"menu_order":0,"comment_status":"closed","ping_status":"closed","template":"","meta":{"footnotes":""},"class_list":["post-2851","page","type-page","status-publish","hentry"],"_links":{"self":[{"href":"https:\/\/radiobarriofranklin.cl\/index.php\/wp-json\/wp\/v2\/pages\/2851","targetHints":{"allow":["GET"]}}],"collection":[{"href":"https:\/\/radiobarriofranklin.cl\/index.php\/wp-json\/wp\/v2\/pages"}],"about":[{"href":"https:\/\/radiobarriofranklin.cl\/index.php\/wp-json\/wp\/v2\/types\/page"}],"author":[{"embeddable":true,"href":"https:\/\/radiobarriofranklin.cl\/index.php\/wp-json\/wp\/v2\/users\/1"}],"replies":[{"embeddable":true,"href":"https:\/\/radiobarriofranklin.cl\/index.php\/wp-json\/wp\/v2\/comments?post=2851"}],"version-history":[{"count":3,"href":"https:\/\/radiobarriofranklin.cl\/index.php\/wp-json\/wp\/v2\/pages\/2851\/revisions"}],"predecessor-version":[{"id":2879,"href":"https:\/\/radiobarriofranklin.cl\/index.php\/wp-json\/wp\/v2\/pages\/2851\/revisions\/2879"}],"wp:attachment":[{"href":"https:\/\/radiobarriofranklin.cl\/index.php\/wp-json\/wp\/v2\/media?parent=2851"}],"curies":[{"name":"wp","href":"https:\/\/api.w.org\/{rel}","templated":true}]}}