{"id":2862,"date":"2020-02-04T17:39:35","date_gmt":"2020-02-04T17:39:35","guid":{"rendered":"http:\/\/radiobarriofranklin.cl\/?page_id=2862"},"modified":"2026-04-29T01:09:41","modified_gmt":"2026-04-29T01:09:41","slug":"conversando-con-tulio","status":"publish","type":"page","link":"https:\/\/radiobarriofranklin.cl\/index.php\/conversando-con-tulio\/","title":{"rendered":"Conversando con Tulio"},"content":{"rendered":"<h2><a href=\"https:\/\/radiobarriofranklin.cl\/wp-content\/uploads\/2020\/02\/WhatsApp-Image-2020-01-31-at-13.17.00.jpeg\"><img loading=\"lazy\" decoding=\"async\" class=\"alignnone size-full wp-image-2861\" src=\"https:\/\/radiobarriofranklin.cl\/wp-content\/uploads\/2020\/02\/WhatsApp-Image-2020-01-31-at-13.17.00.jpeg\" alt=\"WhatsApp Image 2020-01-31 at 13.17.00\" width=\"540\" height=\"365\" \/><\/a><\/h2>\n<h2><strong>CONVERSANDO CON TULIO<\/strong><\/h2>\n<hr \/>\n<p><span style=\"color: #546284; font-family: 'Open Sans', sans-serif; font-size: 13px;\">Programa de conversaci\u00f3n y debate de la actualidad del barrio, la comuna, el pa\u00eds y el mundo.<br \/>\n<\/span><\/p>\n<hr \/>\n<h5><strong>CONDUCE:<\/strong> Tulio Astudillo, periodista.<\/h5>\n<p>CONVERSANDO CON TULIO<br \/>\nInvitado: Ram\u00f3n Saavedra, Subdirector de Emergencia y Protecci\u00f3n Civil I. Municipalidad<br \/>\nSantiago<br \/>\nTema: pol\u00edticas y servicios municipales<br \/>\nFecha: 14 octubre 2025.<\/p>\n<!--[if lt IE 9]><script>document.createElement('audio');<\/script><![endif]-->\n<audio class=\"wp-audio-shortcode\" id=\"audio-2862-1\" preload=\"none\" style=\"width: 100%;\" controls=\"controls\"><source type=\"audio\/mpeg\" src=\"https:\/\/radiobarriofranklin.cl\/wp-content\/uploads\/2026\/04\/conversando-con-tulio-14-10-2025-final.mp3?_=1\" \/><a href=\"https:\/\/radiobarriofranklin.cl\/wp-content\/uploads\/2026\/04\/conversando-con-tulio-14-10-2025-final.mp3\">https:\/\/radiobarriofranklin.cl\/wp-content\/uploads\/2026\/04\/conversando-con-tulio-14-10-2025-final.mp3<\/a><\/audio>\n<p>&nbsp;<\/p>\n<p>CONVERSANDO CON TULIO<br \/>\nInvitado: Rosa Oyarce, tecn\u00f3loga m\u00e9dica y acad\u00e9mica<br \/>\nTema: pol\u00edticas de salud<br \/>\nFecha de emisi\u00f3n: 05 de agosto 2025<\/p>\n<audio class=\"wp-audio-shortcode\" id=\"audio-2862-2\" preload=\"none\" style=\"width: 100%;\" controls=\"controls\"><source type=\"audio\/mpeg\" src=\"https:\/\/radiobarriofranklin.cl\/wp-content\/uploads\/2025\/11\/conversandocon-tulio05-08-2025-final.mp3?_=2\" \/><a href=\"https:\/\/radiobarriofranklin.cl\/wp-content\/uploads\/2025\/11\/conversandocon-tulio05-08-2025-final.mp3\">https:\/\/radiobarriofranklin.cl\/wp-content\/uploads\/2025\/11\/conversandocon-tulio05-08-2025-final.mp3<\/a><\/audio>\n<p>&nbsp;<\/p>\n<audio class=\"wp-audio-shortcode\" id=\"audio-2862-3\" preload=\"none\" style=\"width: 100%;\" controls=\"controls\"><source type=\"audio\/mpeg\" src=\"https:\/\/radiobarriofranklin.cl\/wp-content\/uploads\/2025\/07\/conversando-con-CON-TULIO-17-06-2025-final.mp3?_=3\" \/><a href=\"https:\/\/radiobarriofranklin.cl\/wp-content\/uploads\/2025\/07\/conversando-con-CON-TULIO-17-06-2025-final.mp3\">https:\/\/radiobarriofranklin.cl\/wp-content\/uploads\/2025\/07\/conversando-con-CON-TULIO-17-06-2025-final.mp3<\/a><\/audio>\n<p>&nbsp;<\/p>\n<p>CONVERSANDO CON TULIO<\/p>\n<p>Invitada: Paola Rosales, directora liceo n.\u00ba 6 Teresa Prats<\/p>\n<p>Tema: Gabriela Mistral y la docencia<\/p>\n<p>Fecha de emisi\u00f3n: 08 de abril 2025<\/p>\n<audio class=\"wp-audio-shortcode\" id=\"audio-2862-4\" preload=\"none\" style=\"width: 100%;\" controls=\"controls\"><source type=\"audio\/mpeg\" src=\"https:\/\/radiobarriofranklin.cl\/wp-content\/uploads\/2025\/06\/conversando-con-Tulio-08-04-2025-liceo-6-final.mp3?_=4\" \/><a href=\"https:\/\/radiobarriofranklin.cl\/wp-content\/uploads\/2025\/06\/conversando-con-Tulio-08-04-2025-liceo-6-final.mp3\">https:\/\/radiobarriofranklin.cl\/wp-content\/uploads\/2025\/06\/conversando-con-Tulio-08-04-2025-liceo-6-final.mp3<\/a><\/audio>\n<p>&nbsp;<\/p>\n<p>CONVERSANDO CON TULIO<\/p>\n<p>Invitado: Dr Patricio Barr\u00eda, director de la Posta Central<\/p>\n<p>Tema: Urgencias en salud<\/p>\n<p>Fecha de emisi\u00f3n: 01 de abril 2025<\/p>\n<audio class=\"wp-audio-shortcode\" id=\"audio-2862-5\" preload=\"none\" style=\"width: 100%;\" controls=\"controls\"><source type=\"audio\/mpeg\" src=\"https:\/\/radiobarriofranklin.cl\/wp-content\/uploads\/2025\/06\/director-Posta-Central-conversando-con-Tulio-1-01-2025-final.mp3?_=5\" \/><a href=\"https:\/\/radiobarriofranklin.cl\/wp-content\/uploads\/2025\/06\/director-Posta-Central-conversando-con-Tulio-1-01-2025-final.mp3\">https:\/\/radiobarriofranklin.cl\/wp-content\/uploads\/2025\/06\/director-Posta-Central-conversando-con-Tulio-1-01-2025-final.mp3<\/a><\/audio>\n<p>&nbsp;<\/p>\n<p>&nbsp;<\/p>\n<p>28\/03\/22. Invitada: <strong>Beatriz Chamorro<\/strong><\/p>\n<audio class=\"wp-audio-shortcode\" id=\"audio-2862-6\" preload=\"none\" style=\"width: 100%;\" controls=\"controls\"><source type=\"audio\/mpeg\" src=\"https:\/\/radiobarriofranklin.cl\/wp-content\/uploads\/2023\/04\/Conversando-con-Tulio-28-03-2023-beatriz-chamorro.mp3?_=6\" \/><a href=\"https:\/\/radiobarriofranklin.cl\/wp-content\/uploads\/2023\/04\/Conversando-con-Tulio-28-03-2023-beatriz-chamorro.mp3\">https:\/\/radiobarriofranklin.cl\/wp-content\/uploads\/2023\/04\/Conversando-con-Tulio-28-03-2023-beatriz-chamorro.mp3<\/a><\/audio>\n<div>\n<hr \/>\n<p>03\/03\/22. Actualidad, vacunaci\u00f3n y cambio de gobierno.<\/p>\n<audio class=\"wp-audio-shortcode\" id=\"audio-2862-7\" preload=\"none\" style=\"width: 100%;\" controls=\"controls\"><source type=\"audio\/mpeg\" src=\"https:\/\/radiobarriofranklin.cl\/wp-content\/uploads\/2015\/07\/conversando-con-tulio-03-03-2022.mp3?_=7\" \/><a href=\"https:\/\/radiobarriofranklin.cl\/wp-content\/uploads\/2015\/07\/conversando-con-tulio-03-03-2022.mp3\">https:\/\/radiobarriofranklin.cl\/wp-content\/uploads\/2015\/07\/conversando-con-tulio-03-03-2022.mp3<\/a><\/audio>\n<hr \/>\n<p>02\/09\/21. Invitado: <strong>Felipe Pinto, <\/strong>trabajador social, gestor territorial Municipalidad de Santiago.<\/p>\n<audio class=\"wp-audio-shortcode\" id=\"audio-2862-8\" preload=\"none\" style=\"width: 100%;\" controls=\"controls\"><source type=\"audio\/mpeg\" src=\"https:\/\/radiobarriofranklin.cl\/wp-content\/uploads\/2022\/01\/conversando-con-tulio-02-09-2021-felipe-pinto.mp3?_=8\" \/><a href=\"https:\/\/radiobarriofranklin.cl\/wp-content\/uploads\/2022\/01\/conversando-con-tulio-02-09-2021-felipe-pinto.mp3\">https:\/\/radiobarriofranklin.cl\/wp-content\/uploads\/2022\/01\/conversando-con-tulio-02-09-2021-felipe-pinto.mp3<\/a><\/audio>\n<hr \/>\n<p>26\/08\/21<\/p>\n<audio class=\"wp-audio-shortcode\" id=\"audio-2862-9\" preload=\"none\" style=\"width: 100%;\" controls=\"controls\"><source type=\"audio\/mpeg\" src=\"https:\/\/radiobarriofranklin.cl\/wp-content\/uploads\/2022\/01\/conversando-con-tulio-26-08-2021.mp3?_=9\" \/><a href=\"https:\/\/radiobarriofranklin.cl\/wp-content\/uploads\/2022\/01\/conversando-con-tulio-26-08-2021.mp3\">https:\/\/radiobarriofranklin.cl\/wp-content\/uploads\/2022\/01\/conversando-con-tulio-26-08-2021.mp3<\/a><\/audio>\n<hr \/>\n<p>12\/18\/21<\/p>\n<audio class=\"wp-audio-shortcode\" id=\"audio-2862-10\" preload=\"none\" style=\"width: 100%;\" controls=\"controls\"><source type=\"audio\/mpeg\" src=\"https:\/\/radiobarriofranklin.cl\/wp-content\/uploads\/2022\/01\/conversando-con-tulio-12_08_21.mp3?_=10\" \/><a href=\"https:\/\/radiobarriofranklin.cl\/wp-content\/uploads\/2022\/01\/conversando-con-tulio-12_08_21.mp3\">https:\/\/radiobarriofranklin.cl\/wp-content\/uploads\/2022\/01\/conversando-con-tulio-12_08_21.mp3<\/a><\/audio>\n<hr \/>\n<p>15\/10\/19<\/p>\n<audio class=\"wp-audio-shortcode\" id=\"audio-2862-11\" preload=\"none\" style=\"width: 100%;\" controls=\"controls\"><source type=\"audio\/mpeg\" src=\"https:\/\/radiobarriofranklin.cl\/wp-content\/uploads\/2020\/02\/conversando_con_tulio_15_10_19.mp3?_=11\" \/><a href=\"https:\/\/radiobarriofranklin.cl\/wp-content\/uploads\/2020\/02\/conversando_con_tulio_15_10_19.mp3\">https:\/\/radiobarriofranklin.cl\/wp-content\/uploads\/2020\/02\/conversando_con_tulio_15_10_19.mp3<\/a><\/audio>\n<hr \/>\n<p>01\/10\/19<\/p>\n<audio class=\"wp-audio-shortcode\" id=\"audio-2862-12\" preload=\"none\" style=\"width: 100%;\" controls=\"controls\"><source type=\"audio\/mpeg\" src=\"https:\/\/radiobarriofranklin.cl\/wp-content\/uploads\/2020\/02\/conversando_con_tulio_01_10_19.mp3?_=12\" \/><a href=\"https:\/\/radiobarriofranklin.cl\/wp-content\/uploads\/2020\/02\/conversando_con_tulio_01_10_19.mp3\">https:\/\/radiobarriofranklin.cl\/wp-content\/uploads\/2020\/02\/conversando_con_tulio_01_10_19.mp3<\/a><\/audio>\n<\/div>\n","protected":false},"excerpt":{"rendered":"<p>CONVERSANDO CON TULIO Programa de conversaci\u00f3n y debate de la actualidad del barrio, la comuna, el pa\u00eds y el mundo. CONDUCE: Tulio Astudillo, periodista. CONVERSANDO CON TULIO Invitado: Ram\u00f3n Saavedra, Subdirector de Emergencia y Protecci\u00f3n Civil I. Municipalidad Santiago Tema: pol\u00edticas y servicios municipales Fecha: 14 octubre 2025. &nbsp; CONVERSANDO CON TULIO Invitado: Rosa Oyarce, [&hellip;]<\/p>\n","protected":false},"author":1,"featured_media":0,"parent":0,"menu_order":0,"comment_status":"closed","ping_status":"closed","template":"","meta":{"footnotes":""},"class_list":["post-2862","page","type-page","status-publish","hentry"],"_links":{"self":[{"href":"https:\/\/radiobarriofranklin.cl\/index.php\/wp-json\/wp\/v2\/pages\/2862","targetHints":{"allow":["GET"]}}],"collection":[{"href":"https:\/\/radiobarriofranklin.cl\/index.php\/wp-json\/wp\/v2\/pages"}],"about":[{"href":"https:\/\/radiobarriofranklin.cl\/index.php\/wp-json\/wp\/v2\/types\/page"}],"author":[{"embeddable":true,"href":"https:\/\/radiobarriofranklin.cl\/index.php\/wp-json\/wp\/v2\/users\/1"}],"replies":[{"embeddable":true,"href":"https:\/\/radiobarriofranklin.cl\/index.php\/wp-json\/wp\/v2\/comments?post=2862"}],"version-history":[{"count":14,"href":"https:\/\/radiobarriofranklin.cl\/index.php\/wp-json\/wp\/v2\/pages\/2862\/revisions"}],"predecessor-version":[{"id":4520,"href":"https:\/\/radiobarriofranklin.cl\/index.php\/wp-json\/wp\/v2\/pages\/2862\/revisions\/4520"}],"wp:attachment":[{"href":"https:\/\/radiobarriofranklin.cl\/index.php\/wp-json\/wp\/v2\/media?parent=2862"}],"curies":[{"name":"wp","href":"https:\/\/api.w.org\/{rel}","templated":true}]}}