{"id":4118,"date":"2023-03-23T20:32:28","date_gmt":"2023-03-23T20:32:28","guid":{"rendered":"http:\/\/radiobarriofranklin.cl\/?page_id=4118"},"modified":"2025-08-04T22:45:33","modified_gmt":"2025-08-04T22:45:33","slug":"somos-carnaval","status":"publish","type":"page","link":"https:\/\/radiobarriofranklin.cl\/index.php\/somos-carnaval\/","title":{"rendered":"Somos carnaval"},"content":{"rendered":"<p><img loading=\"lazy\" decoding=\"async\" class=\"alignnone wp-image-4122\" src=\"https:\/\/radiobarriofranklin.cl\/wp-content\/uploads\/2023\/03\/WhatsApp-Image-2023-03-23-at-14.19.33.jpeg\" alt=\"\" width=\"321\" height=\"396\" srcset=\"https:\/\/radiobarriofranklin.cl\/wp-content\/uploads\/2023\/03\/WhatsApp-Image-2023-03-23-at-14.19.33.jpeg 830w, https:\/\/radiobarriofranklin.cl\/wp-content\/uploads\/2023\/03\/WhatsApp-Image-2023-03-23-at-14.19.33-243x300.jpeg 243w, https:\/\/radiobarriofranklin.cl\/wp-content\/uploads\/2023\/03\/WhatsApp-Image-2023-03-23-at-14.19.33-768x948.jpeg 768w, https:\/\/radiobarriofranklin.cl\/wp-content\/uploads\/2023\/03\/WhatsApp-Image-2023-03-23-at-14.19.33-122x150.jpeg 122w, https:\/\/radiobarriofranklin.cl\/wp-content\/uploads\/2023\/03\/WhatsApp-Image-2023-03-23-at-14.19.33-65x80.jpeg 65w, https:\/\/radiobarriofranklin.cl\/wp-content\/uploads\/2023\/03\/WhatsApp-Image-2023-03-23-at-14.19.33-190x235.jpeg 190w\" sizes=\"auto, (max-width: 321px) 100vw, 321px\" \/><\/p>\n<h2><strong>SOMOS CARNAVAL<\/strong><\/h2>\n<hr \/>\n<p><span style=\"color: #546284; font-family: 'Open Sans', sans-serif; font-size: 13px;\">Un programa que capitulo a cap\u00edtulo cuenta la historia, experiencia y actualidad de Carnaval San Antonio de Padua. Un hito de la historia de nuestra ciudad anclado en el barrio Matta Sur.<\/span><\/p>\n<hr \/>\n<h5><strong>CONDUCE:<\/strong> Ernesto Bravo y Vicente Escudero<\/h5>\n<p>SOMOS CARNAVAL<br \/>\nInvitados: Elena Garc\u00eda, presidenta Agrupaci\u00f3n Candombe Catanga; Mar\u00eda Jos\u00e9 Molina<br \/>\nBatucada Artes Carnavaleras<br \/>\nTema: la experiencia del rito de inicio Carnaval 2025<br \/>\nFecha de emisi\u00f3n: 17 de junio 2025<\/p>\n<p>&nbsp;<\/p>\n<!--[if lt IE 9]><script>document.createElement('audio');<\/script><![endif]-->\n<audio class=\"wp-audio-shortcode\" id=\"audio-4118-1\" preload=\"none\" style=\"width: 100%;\" controls=\"controls\"><source type=\"audio\/mpeg\" src=\"https:\/\/radiobarriofranklin.cl\/wp-content\/uploads\/2025\/08\/SOMOS-CARNAVAL-SAN-ANTONIO-DE-PADUA-17-06-2025-final.mp3?_=1\" \/><a href=\"https:\/\/radiobarriofranklin.cl\/wp-content\/uploads\/2025\/08\/SOMOS-CARNAVAL-SAN-ANTONIO-DE-PADUA-17-06-2025-final.mp3\">https:\/\/radiobarriofranklin.cl\/wp-content\/uploads\/2025\/08\/SOMOS-CARNAVAL-SAN-ANTONIO-DE-PADUA-17-06-2025-final.mp3<\/a><\/audio>\n<p>&nbsp;<\/p>\n<p>SOMOS CARNAVAL<br \/>\nInvitados: Paulina Moya; Benjam\u00edn Moya, caporales Juventud Ariaka filial Santiago<br \/>\nTema: preparativos del Carnaval 2025<br \/>\nFecha de emisi\u00f3n: 20 de mayo 2025<\/p>\n<audio class=\"wp-audio-shortcode\" id=\"audio-4118-2\" preload=\"none\" style=\"width: 100%;\" controls=\"controls\"><source type=\"audio\/mpeg\" src=\"https:\/\/radiobarriofranklin.cl\/wp-content\/uploads\/2025\/07\/somos-carnaval-20-05-2025-final.mp3?_=2\" \/><a href=\"https:\/\/radiobarriofranklin.cl\/wp-content\/uploads\/2025\/07\/somos-carnaval-20-05-2025-final.mp3\">https:\/\/radiobarriofranklin.cl\/wp-content\/uploads\/2025\/07\/somos-carnaval-20-05-2025-final.mp3<\/a><\/audio>\n<p>&nbsp;<\/p>\n<p>SOMOS CARNAVAL<br \/>\nInvitados: Francisco Tapia, Anita Peredo, directiva Carnaval hist\u00f3rico San Antonio de Padua<br \/>\nTema: la versi\u00f3n n.\u00ba 33 del Carnaval<br \/>\nFecha de emisi\u00f3n: 29 de abril 2025<\/p>\n<hr \/>\n<audio class=\"wp-audio-shortcode\" id=\"audio-4118-3\" preload=\"none\" style=\"width: 100%;\" controls=\"controls\"><source type=\"audio\/mpeg\" src=\"https:\/\/radiobarriofranklin.cl\/wp-content\/uploads\/2025\/07\/SOMO-CARNAVAL-29-04-2025-final.mp3?_=3\" \/><a href=\"https:\/\/radiobarriofranklin.cl\/wp-content\/uploads\/2025\/07\/SOMO-CARNAVAL-29-04-2025-final.mp3\">https:\/\/radiobarriofranklin.cl\/wp-content\/uploads\/2025\/07\/SOMO-CARNAVAL-29-04-2025-final.mp3<\/a><\/audio>\n<p><strong>Programa N\u00b03<\/strong><\/p>\n<audio class=\"wp-audio-shortcode\" id=\"audio-4118-4\" preload=\"none\" style=\"width: 100%;\" controls=\"controls\"><source type=\"audio\/mpeg\" src=\"https:\/\/radiobarriofranklin.cl\/wp-content\/uploads\/2024\/01\/somos-carnaval-11-07-2023-final.mp3?_=4\" \/><a href=\"https:\/\/radiobarriofranklin.cl\/wp-content\/uploads\/2024\/01\/somos-carnaval-11-07-2023-final.mp3\">https:\/\/radiobarriofranklin.cl\/wp-content\/uploads\/2024\/01\/somos-carnaval-11-07-2023-final.mp3<\/a><\/audio>\n<hr \/>\n<p><strong>Programa N\u00b02: <\/strong>Conversaci\u00f3n con Karen Pizarro del Colectivo Olla Com\u00fan Plaza Bogot\u00e1 y con Juan Cataldo de Chilo\u00e9: Tu Mesa\/ el Rinc\u00f3n Chilote.<\/p>\n<p>Tema: Colaboradores del Carnaval<\/p>\n<audio class=\"wp-audio-shortcode\" id=\"audio-4118-5\" preload=\"none\" style=\"width: 100%;\" controls=\"controls\"><source type=\"audio\/mpeg\" src=\"https:\/\/radiobarriofranklin.cl\/wp-content\/uploads\/2023\/03\/somos-carnaval-29-11-2022-final-para-pagina.mp3?_=5\" \/><a href=\"https:\/\/radiobarriofranklin.cl\/wp-content\/uploads\/2023\/03\/somos-carnaval-29-11-2022-final-para-pagina.mp3\">https:\/\/radiobarriofranklin.cl\/wp-content\/uploads\/2023\/03\/somos-carnaval-29-11-2022-final-para-pagina.mp3<\/a><\/audio>\n<p>29 de noviembre 2022<\/p>\n<hr \/>\n<p><strong>Programa N\u00b0 1: Conversaci\u00f3n con B\u00e1rbara Mitodio Godoy, presidenta y directora del Centro Cultural Carnaval San Antonio de Padua.<\/strong><\/p>\n<p>Tema: Aprendizajes de los 30 a\u00f1os del Carnaval San Antonio de Padua.<\/p>\n<div>\n<audio class=\"wp-audio-shortcode\" id=\"audio-4118-6\" preload=\"none\" style=\"width: 100%;\" controls=\"controls\"><source type=\"audio\/mpeg\" src=\"https:\/\/radiobarriofranklin.cl\/wp-content\/uploads\/2023\/03\/Somos-Carnaval-22-11-2022-final.mp3?_=6\" \/><a href=\"https:\/\/radiobarriofranklin.cl\/wp-content\/uploads\/2023\/03\/Somos-Carnaval-22-11-2022-final.mp3\">https:\/\/radiobarriofranklin.cl\/wp-content\/uploads\/2023\/03\/Somos-Carnaval-22-11-2022-final.mp3<\/a><\/audio>\n<\/div>\n<p>22 de noviembre 2022<\/p>\n<hr \/>\n<p>&nbsp;<\/p>\n","protected":false},"excerpt":{"rendered":"<p>SOMOS CARNAVAL Un programa que capitulo a cap\u00edtulo cuenta la historia, experiencia y actualidad de Carnaval San Antonio de Padua. Un hito de la historia de nuestra ciudad anclado en el barrio Matta Sur. CONDUCE: Ernesto Bravo y Vicente Escudero SOMOS CARNAVAL Invitados: Elena Garc\u00eda, presidenta Agrupaci\u00f3n Candombe Catanga; Mar\u00eda Jos\u00e9 Molina Batucada Artes Carnavaleras [&hellip;]<\/p>\n","protected":false},"author":1,"featured_media":0,"parent":0,"menu_order":0,"comment_status":"closed","ping_status":"closed","template":"","meta":{"footnotes":""},"class_list":["post-4118","page","type-page","status-publish","hentry"],"_links":{"self":[{"href":"https:\/\/radiobarriofranklin.cl\/index.php\/wp-json\/wp\/v2\/pages\/4118","targetHints":{"allow":["GET"]}}],"collection":[{"href":"https:\/\/radiobarriofranklin.cl\/index.php\/wp-json\/wp\/v2\/pages"}],"about":[{"href":"https:\/\/radiobarriofranklin.cl\/index.php\/wp-json\/wp\/v2\/types\/page"}],"author":[{"embeddable":true,"href":"https:\/\/radiobarriofranklin.cl\/index.php\/wp-json\/wp\/v2\/users\/1"}],"replies":[{"embeddable":true,"href":"https:\/\/radiobarriofranklin.cl\/index.php\/wp-json\/wp\/v2\/comments?post=4118"}],"version-history":[{"count":12,"href":"https:\/\/radiobarriofranklin.cl\/index.php\/wp-json\/wp\/v2\/pages\/4118\/revisions"}],"predecessor-version":[{"id":4464,"href":"https:\/\/radiobarriofranklin.cl\/index.php\/wp-json\/wp\/v2\/pages\/4118\/revisions\/4464"}],"wp:attachment":[{"href":"https:\/\/radiobarriofranklin.cl\/index.php\/wp-json\/wp\/v2\/media?parent=4118"}],"curies":[{"name":"wp","href":"https:\/\/api.w.org\/{rel}","templated":true}]}}