{"id":4315,"date":"2025-05-23T21:17:36","date_gmt":"2025-05-23T21:17:36","guid":{"rendered":"https:\/\/radiobarriofranklin.cl\/?page_id=4315"},"modified":"2025-12-17T22:07:10","modified_gmt":"2025-12-17T22:07:10","slug":"al-ritmo-del-oficio","status":"publish","type":"page","link":"https:\/\/radiobarriofranklin.cl\/index.php\/al-ritmo-del-oficio\/","title":{"rendered":"Al Ritmo del Oficio"},"content":{"rendered":"<p><a href=\"https:\/\/radiobarriofranklin.cl\/index.php\/al-ritmo-del-oficio\/\"><img loading=\"lazy\" decoding=\"async\" class=\"aligncenter wp-image-4354\" src=\"https:\/\/radiobarriofranklin.cl\/wp-content\/uploads\/2025\/06\/AL-RITMO-DEL-OFICIO.jpeg\" alt=\"\" width=\"600\" height=\"600\" srcset=\"https:\/\/radiobarriofranklin.cl\/wp-content\/uploads\/2025\/06\/AL-RITMO-DEL-OFICIO.jpeg 1000w, https:\/\/radiobarriofranklin.cl\/wp-content\/uploads\/2025\/06\/AL-RITMO-DEL-OFICIO-300x300.jpeg 300w, https:\/\/radiobarriofranklin.cl\/wp-content\/uploads\/2025\/06\/AL-RITMO-DEL-OFICIO-150x150.jpeg 150w, https:\/\/radiobarriofranklin.cl\/wp-content\/uploads\/2025\/06\/AL-RITMO-DEL-OFICIO-768x768.jpeg 768w\" sizes=\"auto, (max-width: 600px) 100vw, 600px\" \/><\/a><\/p>\n<h2><strong>Al Ritmo del Oficio<\/strong><\/h2>\n<p>Conversaci\u00f3n con artistas y cultores.<\/p>\n<p>Conduce: Marcela Vel\u00e1squez.<\/p>\n<!--[if lt IE 9]><script>document.createElement('audio');<\/script><![endif]-->\n<audio class=\"wp-audio-shortcode\" id=\"audio-4315-1\" preload=\"none\" style=\"width: 100%;\" controls=\"controls\"><source type=\"audio\/mpeg\" src=\"https:\/\/radiobarriofranklin.cl\/wp-content\/uploads\/2025\/12\/al-ritmo-del-oficio-23-09-2025-final.mp3?_=1\" \/><a href=\"https:\/\/radiobarriofranklin.cl\/wp-content\/uploads\/2025\/12\/al-ritmo-del-oficio-23-09-2025-final.mp3\">https:\/\/radiobarriofranklin.cl\/wp-content\/uploads\/2025\/12\/al-ritmo-del-oficio-23-09-2025-final.mp3<\/a><\/audio>\n<p>&nbsp;<\/p>\n<p>AL RITMO DEL OFICIO<br \/>\nConduce: Marcela Velasquez<br \/>\nInvitada: L\u00eda Nadja, compositora<br \/>\nTema: el oficio de componer<br \/>\nFecha: 25 agosto 2025<\/p>\n<audio class=\"wp-audio-shortcode\" id=\"audio-4315-2\" preload=\"none\" style=\"width: 100%;\" controls=\"controls\"><source type=\"audio\/mpeg\" src=\"https:\/\/radiobarriofranklin.cl\/wp-content\/uploads\/2025\/11\/al-ritmo-del-oficio-05-08-2025-final.mp3?_=2\" \/><a href=\"https:\/\/radiobarriofranklin.cl\/wp-content\/uploads\/2025\/11\/al-ritmo-del-oficio-05-08-2025-final.mp3\">https:\/\/radiobarriofranklin.cl\/wp-content\/uploads\/2025\/11\/al-ritmo-del-oficio-05-08-2025-final.mp3<\/a><\/audio>\n<p>&nbsp;<\/p>\n<audio class=\"wp-audio-shortcode\" id=\"audio-4315-3\" preload=\"none\" style=\"width: 100%;\" controls=\"controls\"><source type=\"audio\/mpeg\" src=\"https:\/\/radiobarriofranklin.cl\/wp-content\/uploads\/2025\/09\/al-ritmo-del-oficio-29-07-2025-final.mp3?_=3\" \/><a href=\"https:\/\/radiobarriofranklin.cl\/wp-content\/uploads\/2025\/09\/al-ritmo-del-oficio-29-07-2025-final.mp3\">https:\/\/radiobarriofranklin.cl\/wp-content\/uploads\/2025\/09\/al-ritmo-del-oficio-29-07-2025-final.mp3<\/a><\/audio>\n<p>&nbsp;<\/p>\n<p>AL RITMO DEL OFICIO<br \/>\nInvitado: Victoria Cordero, productora musical<br \/>\nTema: el oficio de producir<br \/>\nFecha de emisi\u00f3n: 13 de mayo 2025<\/p>\n<audio class=\"wp-audio-shortcode\" id=\"audio-4315-4\" preload=\"none\" style=\"width: 100%;\" controls=\"controls\"><source type=\"audio\/mpeg\" src=\"https:\/\/radiobarriofranklin.cl\/wp-content\/uploads\/2025\/07\/al-ritmo-del-ofocio-13-05-2025final.mp3?_=4\" \/><a href=\"https:\/\/radiobarriofranklin.cl\/wp-content\/uploads\/2025\/07\/al-ritmo-del-ofocio-13-05-2025final.mp3\">https:\/\/radiobarriofranklin.cl\/wp-content\/uploads\/2025\/07\/al-ritmo-del-ofocio-13-05-2025final.mp3<\/a><\/audio>\n<p>&nbsp;<\/p>\n<p>AL RITMO DEL OFICIO<\/p>\n<p>Invitado: Michel Gajardo, realizador audiovisual<\/p>\n<p>Tema: el oficio de audiovisualista<\/p>\n<p>Fecha de emisi\u00f3n: 29 de abril 2025<\/p>\n<audio class=\"wp-audio-shortcode\" id=\"audio-4315-5\" preload=\"none\" style=\"width: 100%;\" controls=\"controls\"><source type=\"audio\/mpeg\" src=\"https:\/\/radiobarriofranklin.cl\/wp-content\/uploads\/2025\/06\/al-ritmo-del-oficio-29-04-2025-final.mp3?_=5\" \/><a href=\"https:\/\/radiobarriofranklin.cl\/wp-content\/uploads\/2025\/06\/al-ritmo-del-oficio-29-04-2025-final.mp3\">https:\/\/radiobarriofranklin.cl\/wp-content\/uploads\/2025\/06\/al-ritmo-del-oficio-29-04-2025-final.mp3<\/a><\/audio>\n<p>&nbsp;<\/p>\n<p>AL RITMO DEL OFICIO<br \/>\nInvitado: Felipe Ruz, m\u00fasico, productor musical y sonidista<br \/>\nTema: el oficio de la sonoridad<br \/>\nFecha de emisi\u00f3n: 25 de marzo 2025<\/p>\n<audio class=\"wp-audio-shortcode\" id=\"audio-4315-6\" preload=\"none\" style=\"width: 100%;\" controls=\"controls\"><source type=\"audio\/mpeg\" src=\"https:\/\/radiobarriofranklin.cl\/wp-content\/uploads\/2025\/06\/al-ritmo-del-oficio-25-03-2025-final.mp3?_=6\" \/><a href=\"https:\/\/radiobarriofranklin.cl\/wp-content\/uploads\/2025\/06\/al-ritmo-del-oficio-25-03-2025-final.mp3\">https:\/\/radiobarriofranklin.cl\/wp-content\/uploads\/2025\/06\/al-ritmo-del-oficio-25-03-2025-final.mp3<\/a><\/audio>\n<p>&nbsp;<\/p>\n<p>Emisi\u00f3n 7 enero 2025: invitado Felipe Cadenasso<\/p>\n<audio class=\"wp-audio-shortcode\" id=\"audio-4315-7\" preload=\"none\" style=\"width: 100%;\" controls=\"controls\"><source type=\"audio\/mpeg\" src=\"https:\/\/radiobarriofranklin.cl\/wp-content\/uploads\/2025\/05\/Al-Ritmo-del-Oficio-07-01-2025-final.mp3?_=7\" \/><a href=\"https:\/\/radiobarriofranklin.cl\/wp-content\/uploads\/2025\/05\/Al-Ritmo-del-Oficio-07-01-2025-final.mp3\">https:\/\/radiobarriofranklin.cl\/wp-content\/uploads\/2025\/05\/Al-Ritmo-del-Oficio-07-01-2025-final.mp3<\/a><\/audio>\n","protected":false},"excerpt":{"rendered":"<p>Al Ritmo del Oficio Conversaci\u00f3n con artistas y cultores. Conduce: Marcela Vel\u00e1squez. &nbsp; AL RITMO DEL OFICIO Conduce: Marcela Velasquez Invitada: L\u00eda Nadja, compositora Tema: el oficio de componer Fecha: 25 agosto 2025 &nbsp; &nbsp; AL RITMO DEL OFICIO Invitado: Victoria Cordero, productora musical Tema: el oficio de producir Fecha de emisi\u00f3n: 13 de mayo [&hellip;]<\/p>\n","protected":false},"author":1,"featured_media":0,"parent":0,"menu_order":0,"comment_status":"closed","ping_status":"closed","template":"","meta":{"footnotes":""},"class_list":["post-4315","page","type-page","status-publish","hentry"],"_links":{"self":[{"href":"https:\/\/radiobarriofranklin.cl\/index.php\/wp-json\/wp\/v2\/pages\/4315","targetHints":{"allow":["GET"]}}],"collection":[{"href":"https:\/\/radiobarriofranklin.cl\/index.php\/wp-json\/wp\/v2\/pages"}],"about":[{"href":"https:\/\/radiobarriofranklin.cl\/index.php\/wp-json\/wp\/v2\/types\/page"}],"author":[{"embeddable":true,"href":"https:\/\/radiobarriofranklin.cl\/index.php\/wp-json\/wp\/v2\/users\/1"}],"replies":[{"embeddable":true,"href":"https:\/\/radiobarriofranklin.cl\/index.php\/wp-json\/wp\/v2\/comments?post=4315"}],"version-history":[{"count":20,"href":"https:\/\/radiobarriofranklin.cl\/index.php\/wp-json\/wp\/v2\/pages\/4315\/revisions"}],"predecessor-version":[{"id":4495,"href":"https:\/\/radiobarriofranklin.cl\/index.php\/wp-json\/wp\/v2\/pages\/4315\/revisions\/4495"}],"wp:attachment":[{"href":"https:\/\/radiobarriofranklin.cl\/index.php\/wp-json\/wp\/v2\/media?parent=4315"}],"curies":[{"name":"wp","href":"https:\/\/api.w.org\/{rel}","templated":true}]}}