{"id":4331,"date":"2025-05-23T21:27:10","date_gmt":"2025-05-23T21:27:10","guid":{"rendered":"https:\/\/radiobarriofranklin.cl\/?page_id=4331"},"modified":"2025-06-03T22:36:11","modified_gmt":"2025-06-03T22:36:11","slug":"canta-con-tu-voz","status":"publish","type":"page","link":"https:\/\/radiobarriofranklin.cl\/index.php\/canta-con-tu-voz\/","title":{"rendered":"Canta con tu Voz"},"content":{"rendered":"<p>&nbsp;<\/p>\n<h2><img loading=\"lazy\" decoding=\"async\" class=\"wp-image-4356 aligncenter\" src=\"https:\/\/radiobarriofranklin.cl\/wp-content\/uploads\/2025\/06\/Canta-con-tu-voz.jpeg\" alt=\"\" width=\"600\" height=\"600\" srcset=\"https:\/\/radiobarriofranklin.cl\/wp-content\/uploads\/2025\/06\/Canta-con-tu-voz.jpeg 1000w, https:\/\/radiobarriofranklin.cl\/wp-content\/uploads\/2025\/06\/Canta-con-tu-voz-300x300.jpeg 300w, https:\/\/radiobarriofranklin.cl\/wp-content\/uploads\/2025\/06\/Canta-con-tu-voz-150x150.jpeg 150w, https:\/\/radiobarriofranklin.cl\/wp-content\/uploads\/2025\/06\/Canta-con-tu-voz-768x768.jpeg 768w\" sizes=\"auto, (max-width: 600px) 100vw, 600px\" \/><\/h2>\n<h2><strong>Canta con tu Voz<\/strong><\/h2>\n<p>Historia y repertorio de los grandes exponentes de la m\u00fasica rom\u00e1ntica.<\/p>\n<p>Conduce: Pamela Soto.<\/p>\n<p>&nbsp;<\/p>\n<p>Emisi\u00f3n 14 enero 2025: Myriam Hern\u00e1ndez<\/p>\n<hr \/>\n<!--[if lt IE 9]><script>document.createElement('audio');<\/script><![endif]-->\n<audio class=\"wp-audio-shortcode\" id=\"audio-4331-1\" preload=\"none\" style=\"width: 100%;\" controls=\"controls\"><source type=\"audio\/mpeg\" src=\"https:\/\/radiobarriofranklin.cl\/wp-content\/uploads\/2025\/05\/canta-con-tu-voz-Mirian-Hernades-FINAL-.mp3?_=1\" \/><a href=\"https:\/\/radiobarriofranklin.cl\/wp-content\/uploads\/2025\/05\/canta-con-tu-voz-Mirian-Hernades-FINAL-.mp3\">https:\/\/radiobarriofranklin.cl\/wp-content\/uploads\/2025\/05\/canta-con-tu-voz-Mirian-Hernades-FINAL-.mp3<\/a><\/audio>\n<p>&nbsp;<\/p>\n<audio class=\"wp-audio-shortcode\" id=\"audio-4331-2\" preload=\"none\" style=\"width: 100%;\" controls=\"controls\"><source type=\"audio\/mpeg\" src=\"https:\/\/radiobarriofranklin.cl\/wp-content\/uploads\/2025\/06\/canta-con-tu-vos-19-11-2024-luis-miguel-FINAL.mp3?_=2\" \/><a href=\"https:\/\/radiobarriofranklin.cl\/wp-content\/uploads\/2025\/06\/canta-con-tu-vos-19-11-2024-luis-miguel-FINAL.mp3\">https:\/\/radiobarriofranklin.cl\/wp-content\/uploads\/2025\/06\/canta-con-tu-vos-19-11-2024-luis-miguel-FINAL.mp3<\/a><\/audio>\n<p>&nbsp;<\/p>\n<audio class=\"wp-audio-shortcode\" id=\"audio-4331-3\" preload=\"none\" style=\"width: 100%;\" controls=\"controls\"><source type=\"audio\/mpeg\" src=\"https:\/\/radiobarriofranklin.cl\/wp-content\/uploads\/2025\/06\/CANTA-CON-TU-VOZ-ANA-GABRIEL-10-12-2024-listo.mp3?_=3\" \/><a href=\"https:\/\/radiobarriofranklin.cl\/wp-content\/uploads\/2025\/06\/CANTA-CON-TU-VOZ-ANA-GABRIEL-10-12-2024-listo.mp3\">https:\/\/radiobarriofranklin.cl\/wp-content\/uploads\/2025\/06\/CANTA-CON-TU-VOZ-ANA-GABRIEL-10-12-2024-listo.mp3<\/a><\/audio>\n<p>&nbsp;<\/p>\n<audio class=\"wp-audio-shortcode\" id=\"audio-4331-4\" preload=\"none\" style=\"width: 100%;\" controls=\"controls\"><source type=\"audio\/mpeg\" src=\"https:\/\/radiobarriofranklin.cl\/wp-content\/uploads\/2025\/06\/Canta-con-tu-voz-Navidad-final.mp3?_=4\" \/><a href=\"https:\/\/radiobarriofranklin.cl\/wp-content\/uploads\/2025\/06\/Canta-con-tu-voz-Navidad-final.mp3\">https:\/\/radiobarriofranklin.cl\/wp-content\/uploads\/2025\/06\/Canta-con-tu-voz-Navidad-final.mp3<\/a><\/audio>\n<p>&nbsp;<\/p>\n","protected":false},"excerpt":{"rendered":"<p>&nbsp; Canta con tu Voz Historia y repertorio de los grandes exponentes de la m\u00fasica rom\u00e1ntica. Conduce: Pamela Soto. &nbsp; Emisi\u00f3n 14 enero 2025: Myriam Hern\u00e1ndez &nbsp; &nbsp; &nbsp; &nbsp;<\/p>\n","protected":false},"author":1,"featured_media":0,"parent":0,"menu_order":0,"comment_status":"closed","ping_status":"closed","template":"","meta":{"footnotes":""},"class_list":["post-4331","page","type-page","status-publish","hentry"],"_links":{"self":[{"href":"https:\/\/radiobarriofranklin.cl\/index.php\/wp-json\/wp\/v2\/pages\/4331","targetHints":{"allow":["GET"]}}],"collection":[{"href":"https:\/\/radiobarriofranklin.cl\/index.php\/wp-json\/wp\/v2\/pages"}],"about":[{"href":"https:\/\/radiobarriofranklin.cl\/index.php\/wp-json\/wp\/v2\/types\/page"}],"author":[{"embeddable":true,"href":"https:\/\/radiobarriofranklin.cl\/index.php\/wp-json\/wp\/v2\/users\/1"}],"replies":[{"embeddable":true,"href":"https:\/\/radiobarriofranklin.cl\/index.php\/wp-json\/wp\/v2\/comments?post=4331"}],"version-history":[{"count":6,"href":"https:\/\/radiobarriofranklin.cl\/index.php\/wp-json\/wp\/v2\/pages\/4331\/revisions"}],"predecessor-version":[{"id":4370,"href":"https:\/\/radiobarriofranklin.cl\/index.php\/wp-json\/wp\/v2\/pages\/4331\/revisions\/4370"}],"wp:attachment":[{"href":"https:\/\/radiobarriofranklin.cl\/index.php\/wp-json\/wp\/v2\/media?parent=4331"}],"curies":[{"name":"wp","href":"https:\/\/api.w.org\/{rel}","templated":true}]}}