{"id":4333,"date":"2025-05-23T21:28:53","date_gmt":"2025-05-23T21:28:53","guid":{"rendered":"https:\/\/radiobarriofranklin.cl\/?page_id=4333"},"modified":"2025-11-27T21:47:34","modified_gmt":"2025-11-27T21:47:34","slug":"voces-forasteras","status":"publish","type":"page","link":"https:\/\/radiobarriofranklin.cl\/index.php\/voces-forasteras\/","title":{"rendered":"Voces Forasteras"},"content":{"rendered":"<p>&nbsp;<\/p>\n<p><img loading=\"lazy\" decoding=\"async\" class=\"wp-image-4358 aligncenter\" src=\"https:\/\/radiobarriofranklin.cl\/wp-content\/uploads\/2025\/06\/Voces-Forasteras.jpeg\" alt=\"\" width=\"600\" height=\"600\" srcset=\"https:\/\/radiobarriofranklin.cl\/wp-content\/uploads\/2025\/06\/Voces-Forasteras.jpeg 1000w, https:\/\/radiobarriofranklin.cl\/wp-content\/uploads\/2025\/06\/Voces-Forasteras-300x300.jpeg 300w, https:\/\/radiobarriofranklin.cl\/wp-content\/uploads\/2025\/06\/Voces-Forasteras-150x150.jpeg 150w, https:\/\/radiobarriofranklin.cl\/wp-content\/uploads\/2025\/06\/Voces-Forasteras-768x768.jpeg 768w\" sizes=\"auto, (max-width: 600px) 100vw, 600px\" \/><\/p>\n<h2>Voces Forasteras<\/h2>\n<p>Experiencias y vivencias de personas migrantes en nuestra comunidad.<\/p>\n<p>Conduce: Mar\u00eda Laura Guti\u00e9rrez.<\/p>\n<p>VOCES FORASTERAS<br \/>\nConduce: Mar\u00eda Laura Guti\u00e9rrez<br \/>\nInvitado: Gary Ramos; escritor<br \/>\nTema: cuentos que cruzan fronteras<br \/>\nFecha: 07 agosto 2025<\/p>\n<!--[if lt IE 9]><script>document.createElement('audio');<\/script><![endif]-->\n<audio class=\"wp-audio-shortcode\" id=\"audio-4333-1\" preload=\"none\" style=\"width: 100%;\" controls=\"controls\"><source type=\"audio\/mpeg\" src=\"https:\/\/radiobarriofranklin.cl\/wp-content\/uploads\/2025\/11\/vosec-forastera-07-08-2025-final.mp3?_=1\" \/><a href=\"https:\/\/radiobarriofranklin.cl\/wp-content\/uploads\/2025\/11\/vosec-forastera-07-08-2025-final.mp3\">https:\/\/radiobarriofranklin.cl\/wp-content\/uploads\/2025\/11\/vosec-forastera-07-08-2025-final.mp3<\/a><\/audio>\n<p>&nbsp;<\/p>\n<audio class=\"wp-audio-shortcode\" id=\"audio-4333-2\" preload=\"none\" style=\"width: 100%;\" controls=\"controls\"><source type=\"audio\/mpeg\" src=\"https:\/\/radiobarriofranklin.cl\/wp-content\/uploads\/2025\/09\/voces-forasteras-03-07-2025-final.mp3?_=2\" \/><a href=\"https:\/\/radiobarriofranklin.cl\/wp-content\/uploads\/2025\/09\/voces-forasteras-03-07-2025-final.mp3\">https:\/\/radiobarriofranklin.cl\/wp-content\/uploads\/2025\/09\/voces-forasteras-03-07-2025-final.mp3<\/a><\/audio>\n<p>&nbsp;<\/p>\n<audio class=\"wp-audio-shortcode\" id=\"audio-4333-3\" preload=\"none\" style=\"width: 100%;\" controls=\"controls\"><source type=\"audio\/mpeg\" src=\"https:\/\/radiobarriofranklin.cl\/wp-content\/uploads\/2025\/07\/VOCES-FORASTERA-05-06-2025-final.mp3?_=3\" \/><a href=\"https:\/\/radiobarriofranklin.cl\/wp-content\/uploads\/2025\/07\/VOCES-FORASTERA-05-06-2025-final.mp3\">https:\/\/radiobarriofranklin.cl\/wp-content\/uploads\/2025\/07\/VOCES-FORASTERA-05-06-2025-final.mp3<\/a><\/audio>\n<p>&nbsp;<\/p>\n<p>VOCES FORASTERAS<br \/>\nInvitada: Martha Luc\u00eda, gestora cultural<br \/>\nTema: Carnaval de las leras migrantes<br \/>\nFecha de emisi\u00f3n: 17 de abril 2025<\/p>\n<audio class=\"wp-audio-shortcode\" id=\"audio-4333-4\" preload=\"none\" style=\"width: 100%;\" controls=\"controls\"><source type=\"audio\/mpeg\" src=\"https:\/\/radiobarriofranklin.cl\/wp-content\/uploads\/2025\/07\/voces-forastera-17-04-2025-final.mp3?_=4\" \/><a href=\"https:\/\/radiobarriofranklin.cl\/wp-content\/uploads\/2025\/07\/voces-forastera-17-04-2025-final.mp3\">https:\/\/radiobarriofranklin.cl\/wp-content\/uploads\/2025\/07\/voces-forastera-17-04-2025-final.mp3<\/a><\/audio>\n<p>VOCES FORASTERAS<br \/>\nInvitado: Makanaky Adn, poeta haitiano<br \/>\nTema: Experiencias migratorias de poetas y literateratos<br \/>\nFecha de emisi\u00f3n: 27 de marzo 2025<\/p>\n<audio class=\"wp-audio-shortcode\" id=\"audio-4333-5\" preload=\"none\" style=\"width: 100%;\" controls=\"controls\"><source type=\"audio\/mpeg\" src=\"https:\/\/radiobarriofranklin.cl\/wp-content\/uploads\/2025\/06\/voces-forastera-27-03-2025.mp3?_=5\" \/><a href=\"https:\/\/radiobarriofranklin.cl\/wp-content\/uploads\/2025\/06\/voces-forastera-27-03-2025.mp3\">https:\/\/radiobarriofranklin.cl\/wp-content\/uploads\/2025\/06\/voces-forastera-27-03-2025.mp3<\/a><\/audio>\n<p>Emisi\u00f3n 27 de febrero 2025: invitada Angelika S\u00e1nchez. Tema: xenofobia estudiantil<\/p>\n<audio class=\"wp-audio-shortcode\" id=\"audio-4333-6\" preload=\"none\" style=\"width: 100%;\" controls=\"controls\"><source type=\"audio\/mpeg\" src=\"https:\/\/radiobarriofranklin.cl\/wp-content\/uploads\/2025\/06\/voces-forasteras-27-02-2025-final.mp3?_=6\" \/><a href=\"https:\/\/radiobarriofranklin.cl\/wp-content\/uploads\/2025\/06\/voces-forasteras-27-02-2025-final.mp3\">https:\/\/radiobarriofranklin.cl\/wp-content\/uploads\/2025\/06\/voces-forasteras-27-02-2025-final.mp3<\/a><\/audio>\n<p>Emisi\u00f3n 16 enero 2025: invitada Luna Ram\u00edrez, integrante de la ONG Red de apoyo solidario.<\/p>\n<audio class=\"wp-audio-shortcode\" id=\"audio-4333-7\" preload=\"none\" style=\"width: 100%;\" controls=\"controls\"><source type=\"audio\/mpeg\" src=\"https:\/\/radiobarriofranklin.cl\/wp-content\/uploads\/2025\/05\/Voces-forastera-16-01-2025-final-LUNA-RAMIREZ-F.mp3?_=7\" \/><a href=\"https:\/\/radiobarriofranklin.cl\/wp-content\/uploads\/2025\/05\/Voces-forastera-16-01-2025-final-LUNA-RAMIREZ-F.mp3\">https:\/\/radiobarriofranklin.cl\/wp-content\/uploads\/2025\/05\/Voces-forastera-16-01-2025-final-LUNA-RAMIREZ-F.mp3<\/a><\/audio>\n","protected":false},"excerpt":{"rendered":"<p>&nbsp; Voces Forasteras Experiencias y vivencias de personas migrantes en nuestra comunidad. Conduce: Mar\u00eda Laura Guti\u00e9rrez. VOCES FORASTERAS Conduce: Mar\u00eda Laura Guti\u00e9rrez Invitado: Gary Ramos; escritor Tema: cuentos que cruzan fronteras Fecha: 07 agosto 2025 &nbsp; &nbsp; &nbsp; VOCES FORASTERAS Invitada: Martha Luc\u00eda, gestora cultural Tema: Carnaval de las leras migrantes Fecha de emisi\u00f3n: 17 [&hellip;]<\/p>\n","protected":false},"author":1,"featured_media":0,"parent":0,"menu_order":0,"comment_status":"closed","ping_status":"closed","template":"","meta":{"footnotes":""},"class_list":["post-4333","page","type-page","status-publish","hentry"],"_links":{"self":[{"href":"https:\/\/radiobarriofranklin.cl\/index.php\/wp-json\/wp\/v2\/pages\/4333","targetHints":{"allow":["GET"]}}],"collection":[{"href":"https:\/\/radiobarriofranklin.cl\/index.php\/wp-json\/wp\/v2\/pages"}],"about":[{"href":"https:\/\/radiobarriofranklin.cl\/index.php\/wp-json\/wp\/v2\/types\/page"}],"author":[{"embeddable":true,"href":"https:\/\/radiobarriofranklin.cl\/index.php\/wp-json\/wp\/v2\/users\/1"}],"replies":[{"embeddable":true,"href":"https:\/\/radiobarriofranklin.cl\/index.php\/wp-json\/wp\/v2\/comments?post=4333"}],"version-history":[{"count":14,"href":"https:\/\/radiobarriofranklin.cl\/index.php\/wp-json\/wp\/v2\/pages\/4333\/revisions"}],"predecessor-version":[{"id":4484,"href":"https:\/\/radiobarriofranklin.cl\/index.php\/wp-json\/wp\/v2\/pages\/4333\/revisions\/4484"}],"wp:attachment":[{"href":"https:\/\/radiobarriofranklin.cl\/index.php\/wp-json\/wp\/v2\/media?parent=4333"}],"curies":[{"name":"wp","href":"https:\/\/api.w.org\/{rel}","templated":true}]}}