{"id":4398,"date":"2025-06-13T19:06:56","date_gmt":"2025-06-13T19:06:56","guid":{"rendered":"https:\/\/radiobarriofranklin.cl\/?page_id=4398"},"modified":"2025-06-13T19:36:19","modified_gmt":"2025-06-13T19:36:19","slug":"comuniterapia","status":"publish","type":"page","link":"https:\/\/radiobarriofranklin.cl\/index.php\/comuniterapia\/","title":{"rendered":"Comuniterapia"},"content":{"rendered":"<p><a href=\"https:\/\/radiobarriofranklin.cl\/index.php\/comuniterapia\/\"><img loading=\"lazy\" decoding=\"async\" class=\"aligncenter wp-image-4396\" src=\"https:\/\/radiobarriofranklin.cl\/wp-content\/uploads\/2025\/06\/Comuniterapia.jpeg\" alt=\"\" width=\"600\" height=\"600\" srcset=\"https:\/\/radiobarriofranklin.cl\/wp-content\/uploads\/2025\/06\/Comuniterapia.jpeg 1000w, https:\/\/radiobarriofranklin.cl\/wp-content\/uploads\/2025\/06\/Comuniterapia-300x300.jpeg 300w, https:\/\/radiobarriofranklin.cl\/wp-content\/uploads\/2025\/06\/Comuniterapia-150x150.jpeg 150w, https:\/\/radiobarriofranklin.cl\/wp-content\/uploads\/2025\/06\/Comuniterapia-768x768.jpeg 768w\" sizes=\"auto, (max-width: 600px) 100vw, 600px\" \/><\/a><\/p>\n<p>&nbsp;<\/p>\n<h2>COMUNITERAPIA<\/h2>\n<p>COMUNITERAPIA, salud mental desde una \u00f3ptica comunitaria<br \/>\n<strong>Conduce:<\/strong> Valentina Hern\u00e1ndez, psic\u00f3loga<\/p>\n<p>COMUNITERAPIA<br \/>\nInvitada: Valentina Lecaros, psic\u00f3loga<br \/>\nTema: Autocuidado<br \/>\nFecha: 27 de febrero 2025<\/p>\n<!--[if lt IE 9]><script>document.createElement('audio');<\/script><![endif]-->\n<audio class=\"wp-audio-shortcode\" id=\"audio-4398-1\" preload=\"none\" style=\"width: 100%;\" controls=\"controls\"><source type=\"audio\/mpeg\" src=\"https:\/\/radiobarriofranklin.cl\/wp-content\/uploads\/2025\/06\/comuniterapia-27-02-2025-final.mp3?_=1\" \/><a href=\"https:\/\/radiobarriofranklin.cl\/wp-content\/uploads\/2025\/06\/comuniterapia-27-02-2025-final.mp3\">https:\/\/radiobarriofranklin.cl\/wp-content\/uploads\/2025\/06\/comuniterapia-27-02-2025-final.mp3<\/a><\/audio>\n<p>&nbsp;<\/p>\n","protected":false},"excerpt":{"rendered":"<p>&nbsp; COMUNITERAPIA COMUNITERAPIA, salud mental desde una \u00f3ptica comunitaria Conduce: Valentina Hern\u00e1ndez, psic\u00f3loga COMUNITERAPIA Invitada: Valentina Lecaros, psic\u00f3loga Tema: Autocuidado Fecha: 27 de febrero 2025 &nbsp;<\/p>\n","protected":false},"author":1,"featured_media":0,"parent":0,"menu_order":0,"comment_status":"closed","ping_status":"closed","template":"","meta":{"footnotes":""},"class_list":["post-4398","page","type-page","status-publish","hentry"],"_links":{"self":[{"href":"https:\/\/radiobarriofranklin.cl\/index.php\/wp-json\/wp\/v2\/pages\/4398","targetHints":{"allow":["GET"]}}],"collection":[{"href":"https:\/\/radiobarriofranklin.cl\/index.php\/wp-json\/wp\/v2\/pages"}],"about":[{"href":"https:\/\/radiobarriofranklin.cl\/index.php\/wp-json\/wp\/v2\/types\/page"}],"author":[{"embeddable":true,"href":"https:\/\/radiobarriofranklin.cl\/index.php\/wp-json\/wp\/v2\/users\/1"}],"replies":[{"embeddable":true,"href":"https:\/\/radiobarriofranklin.cl\/index.php\/wp-json\/wp\/v2\/comments?post=4398"}],"version-history":[{"count":8,"href":"https:\/\/radiobarriofranklin.cl\/index.php\/wp-json\/wp\/v2\/pages\/4398\/revisions"}],"predecessor-version":[{"id":4413,"href":"https:\/\/radiobarriofranklin.cl\/index.php\/wp-json\/wp\/v2\/pages\/4398\/revisions\/4413"}],"wp:attachment":[{"href":"https:\/\/radiobarriofranklin.cl\/index.php\/wp-json\/wp\/v2\/media?parent=4398"}],"curies":[{"name":"wp","href":"https:\/\/api.w.org\/{rel}","templated":true}]}}